{"id":181,"date":"2023-09-27T11:46:08","date_gmt":"2023-09-27T11:46:08","guid":{"rendered":"https:\/\/rumbachzsinagoga.hu\/?page_id=181"},"modified":"2023-11-09T10:44:04","modified_gmt":"2023-11-09T10:44:04","slug":"rendezveny","status":"publish","type":"page","link":"https:\/\/rumbachzsinagoga.hu\/en\/rendezveny\/","title":{"rendered":"Occasion"},"content":{"rendered":"<div data-elementor-type=\"wp-page\" data-elementor-id=\"181\" class=\"elementor elementor-181\" data-elementor-post-type=\"page\">\n\t\t\t\t<div class=\"elementor-element elementor-element-4076b0e e-flex e-con-boxed e-con e-parent\" data-id=\"4076b0e\" data-element_type=\"container\" data-settings=\"{&quot;content_width&quot;:&quot;boxed&quot;}\" data-core-v316-plus=\"true\">\n\t\t\t\t\t<div class=\"e-con-inner\">\n\t\t<div class=\"elementor-element elementor-element-9ad04a3 e-con-full e-flex e-con e-child\" data-id=\"9ad04a3\" data-element_type=\"container\" data-settings=\"{&quot;content_width&quot;:&quot;full&quot;}\">\n\t\t\t\t<div class=\"elementor-element elementor-element-ad04afd elementor-widget elementor-widget-image\" data-id=\"ad04afd\" data-element_type=\"widget\" data-widget_type=\"image.default\">\n\t\t\t\t<div class=\"elementor-widget-container\">\n\t\t\t<style>\/*! elementor - v3.19.0 - 07-02-2024 *\/\n.elementor-widget-image{text-align:center}.elementor-widget-image a{display:inline-block}.elementor-widget-image a img[src$=\".svg\"]{width:48px}.elementor-widget-image img{vertical-align:middle;display:inline-block}<\/style>\t\t\t\t\t\t\t\t\t\t<img decoding=\"async\" width=\"276\" height=\"72\" src=\"https:\/\/rumbachzsinagoga.hu\/wp-content\/uploads\/2023\/09\/rec.svg\" class=\"attachment-large size-large wp-image-184\" alt=\"\" \/>\t\t\t\t\t\t\t\t\t\t\t\t\t<\/div>\n\t\t\t\t<\/div>\n\t\t\t\t<div class=\"elementor-element elementor-element-dff9521 elementor-widget elementor-widget-heading\" data-id=\"dff9521\" data-element_type=\"widget\" data-widget_type=\"heading.default\">\n\t\t\t\t<div class=\"elementor-widget-container\">\n\t\t\t<style>\/*! elementor - v3.19.0 - 07-02-2024 *\/\n.elementor-heading-title{padding:0;margin:0;line-height:1}.elementor-widget-heading .elementor-heading-title[class*=elementor-size-]>a{color:inherit;font-size:inherit;line-height:inherit}.elementor-widget-heading .elementor-heading-title.elementor-size-small{font-size:15px}.elementor-widget-heading .elementor-heading-title.elementor-size-medium{font-size:19px}.elementor-widget-heading .elementor-heading-title.elementor-size-large{font-size:29px}.elementor-widget-heading .elementor-heading-title.elementor-size-xl{font-size:39px}.elementor-widget-heading .elementor-heading-title.elementor-size-xxl{font-size:59px}<\/style><h2 class=\"elementor-heading-title elementor-size-default\">A detailed description of our event services and halls is available via the following link<\/h2>\t\t<\/div>\n\t\t\t\t<\/div>\n\t\t\t\t<div class=\"elementor-element elementor-element-cdc412e elementor-widget elementor-widget-heading\" data-id=\"cdc412e\" data-element_type=\"widget\" data-widget_type=\"heading.default\">\n\t\t\t\t<div class=\"elementor-widget-container\">\n\t\t\t<h2 class=\"elementor-heading-title elementor-size-default\"><a href=\"https:\/\/rumbacheventcenter.hu\/\">https:\/\/rumbacheventcenter.hu\/<\/a><\/h2>\t\t<\/div>\n\t\t\t\t<\/div>\n\t\t\t\t<div class=\"elementor-element elementor-element-6e154e8 elementor-widget elementor-widget-text-editor\" data-id=\"6e154e8\" data-element_type=\"widget\" data-widget_type=\"text-editor.default\">\n\t\t\t\t<div class=\"elementor-widget-container\">\n\t\t\t<style>\/*! elementor - v3.19.0 - 07-02-2024 *\/\n.elementor-widget-text-editor.elementor-drop-cap-view-stacked .elementor-drop-cap{background-color:#69727d;color:#fff}.elementor-widget-text-editor.elementor-drop-cap-view-framed .elementor-drop-cap{color:#69727d;border:3px solid;background-color:transparent}.elementor-widget-text-editor:not(.elementor-drop-cap-view-default) .elementor-drop-cap{margin-top:8px}.elementor-widget-text-editor:not(.elementor-drop-cap-view-default) .elementor-drop-cap-letter{width:1em;height:1em}.elementor-widget-text-editor .elementor-drop-cap{float:left;text-align:center;line-height:1;font-size:50px}.elementor-widget-text-editor .elementor-drop-cap-letter{display:inline-block}<\/style>\t\t\t\t<p>Optimal venue for conferences, trainings, workshops, banquets, corporate events.<\/p>\t\t\t\t\t\t<\/div>\n\t\t\t\t<\/div>\n\t\t\t\t<div class=\"elementor-element elementor-element-fe60a7a elementor-widget elementor-widget-text-editor\" data-id=\"fe60a7a\" data-element_type=\"widget\" data-widget_type=\"text-editor.default\">\n\t\t\t\t<div class=\"elementor-widget-container\">\n\t\t\t\t\t\t\t<p>The building was built between 1870 and 1873, it was the first major work of the world-famous architect Otto Wagner. Unique technical solutions and brilliant decoration dazzle the guests, the building is a symbol of the past and future in the heart of Budapest.<\/p>\t\t\t\t\t\t<\/div>\n\t\t\t\t<\/div>\n\t\t\t\t<div class=\"elementor-element elementor-element-0cbd2dd elementor-widget elementor-widget-text-editor\" data-id=\"0cbd2dd\" data-element_type=\"widget\" data-widget_type=\"text-editor.default\">\n\t\t\t\t<div class=\"elementor-widget-container\">\n\t\t\t\t\t\t\t<p>The Moorish-style Banquet Hall can accommodate 300+60 participants, the rooms on the first floor can accommodate 20-100 people each.<\/p>\t\t\t\t\t\t<\/div>\n\t\t\t\t<\/div>\n\t\t\t\t<div class=\"elementor-element elementor-element-a9223b4 elementor-widget elementor-widget-text-editor\" data-id=\"a9223b4\" data-element_type=\"widget\" data-widget_type=\"text-editor.default\">\n\t\t\t\t<div class=\"elementor-widget-container\">\n\t\t\t\t\t\t\t<p>Its central location is a great advantage: 3 metro stops, numerous bus and tram connections make it easy to reach the site.For those arriving by car, there are 3 car parks nearby.<\/p>\t\t\t\t\t\t<\/div>\n\t\t\t\t<\/div>\n\t\t\t\t<\/div>\n\t\t<div class=\"elementor-element elementor-element-c051b84 e-con-full e-flex e-con e-child\" data-id=\"c051b84\" data-element_type=\"container\" data-settings=\"{&quot;content_width&quot;:&quot;full&quot;}\">\n\t\t\t\t<div class=\"elementor-element elementor-element-2193c0b elementor-widget elementor-widget-image\" data-id=\"2193c0b\" data-element_type=\"widget\" data-widget_type=\"image.default\">\n\t\t\t\t<div class=\"elementor-widget-container\">\n\t\t\t\t\t\t\t\t\t\t\t\t\t<img fetchpriority=\"high\" decoding=\"async\" width=\"678\" height=\"585\" src=\"https:\/\/rumbachzsinagoga.hu\/wp-content\/uploads\/2023\/09\/rendezveny.webp\" class=\"attachment-full size-full wp-image-192\" alt=\"\" srcset=\"https:\/\/rumbachzsinagoga.hu\/wp-content\/uploads\/2023\/09\/rendezveny.webp 678w, https:\/\/rumbachzsinagoga.hu\/wp-content\/uploads\/2023\/09\/rendezveny-300x259.webp 300w\" sizes=\"(max-width: 678px) 100vw, 678px\" \/>\t\t\t\t\t\t\t\t\t\t\t\t\t<\/div>\n\t\t\t\t<\/div>\n\t\t\t\t<\/div>\n\t\t\t\t\t<\/div>\n\t\t\t\t<\/div>\n\t\t\t\t<\/div>","protected":false},"excerpt":{"rendered":"<p>Rendezv\u00e9nyszolg\u00e1ltat\u00e1sunk \u00e9s termeink r\u00e9szletes le\u00edr\u00e1sa az al\u00e1bbi linken kereszt\u00fcl \u00e9rhet\u0151 el https:\/\/rumbacheventcenter.hu\/ Konferenci\u00e1k, tr\u00e9ningek, workshopok, bankettek, v\u00e1llalati rendezv\u00e9nyek optim\u00e1lis helysz\u00edne. Az \u00e9p\u00fclet 1870 \u00e9s 1873 k\u00f6z\u00f6tt \u00e9p\u00fclt, ez volt a vil\u00e1gh\u00edr\u0171 Otto Wagner \u00e9p\u00edt\u00e9sz els\u0151 jelent\u0151sebb munk\u00e1ja. Egyedi m\u0171szaki megold\u00e1sok \u00e9s t\u00fcnd\u00f6kl\u0151 d\u00edsz\u00edt\u00e9s k\u00e1pr\u00e1ztatja el a vend\u00e9geket, az \u00e9p\u00fclet m\u00falt \u00e9s j\u00f6v\u0151 szimb\u00f3luma Budapest sz\u00edv\u00e9ben. [&hellip;]<\/p>","protected":false},"author":2,"featured_media":0,"parent":0,"menu_order":0,"comment_status":"closed","ping_status":"closed","template":"","meta":{"_acf_changed":false,"footnotes":""},"class_list":["post-181","page","type-page","status-publish","hentry"],"acf":[],"_links":{"self":[{"href":"https:\/\/rumbachzsinagoga.hu\/en\/wp-json\/wp\/v2\/pages\/181","targetHints":{"allow":["GET"]}}],"collection":[{"href":"https:\/\/rumbachzsinagoga.hu\/en\/wp-json\/wp\/v2\/pages"}],"about":[{"href":"https:\/\/rumbachzsinagoga.hu\/en\/wp-json\/wp\/v2\/types\/page"}],"author":[{"embeddable":true,"href":"https:\/\/rumbachzsinagoga.hu\/en\/wp-json\/wp\/v2\/users\/2"}],"replies":[{"embeddable":true,"href":"https:\/\/rumbachzsinagoga.hu\/en\/wp-json\/wp\/v2\/comments?post=181"}],"version-history":[{"count":25,"href":"https:\/\/rumbachzsinagoga.hu\/en\/wp-json\/wp\/v2\/pages\/181\/revisions"}],"predecessor-version":[{"id":738,"href":"https:\/\/rumbachzsinagoga.hu\/en\/wp-json\/wp\/v2\/pages\/181\/revisions\/738"}],"wp:attachment":[{"href":"https:\/\/rumbachzsinagoga.hu\/en\/wp-json\/wp\/v2\/media?parent=181"}],"curies":[{"name":"wp","href":"https:\/\/api.w.org\/{rel}","templated":true}]}}