{"id":302,"date":"2023-09-28T09:24:41","date_gmt":"2023-09-28T09:24:41","guid":{"rendered":"https:\/\/rumbachzsinagoga.hu\/?page_id=302"},"modified":"2024-02-28T13:48:08","modified_gmt":"2024-02-28T13:48:08","slug":"kozosseg","status":"publish","type":"page","link":"https:\/\/rumbachzsinagoga.hu\/en\/kozosseg\/","title":{"rendered":"Community"},"content":{"rendered":"<div data-elementor-type=\"wp-page\" data-elementor-id=\"302\" class=\"elementor elementor-302\" data-elementor-post-type=\"page\">\n\t\t\t\t<div class=\"elementor-element elementor-element-85d4eea e-flex e-con-boxed e-con e-parent\" data-id=\"85d4eea\" data-element_type=\"container\" data-settings=\"{&quot;background_background&quot;:&quot;classic&quot;,&quot;content_width&quot;:&quot;boxed&quot;}\" data-core-v316-plus=\"true\">\n\t\t\t\t\t<div class=\"e-con-inner\">\n\t\t\t\t\t<\/div>\n\t\t\t\t<\/div>\n\t\t<div class=\"elementor-element elementor-element-6d7c861 e-flex e-con-boxed e-con e-parent\" data-id=\"6d7c861\" data-element_type=\"container\" data-settings=\"{&quot;content_width&quot;:&quot;boxed&quot;}\" data-core-v316-plus=\"true\">\n\t\t\t\t\t<div class=\"e-con-inner\">\n\t\t\t\t<div class=\"elementor-element elementor-element-ce7210c elementor-widget elementor-widget-heading\" data-id=\"ce7210c\" data-element_type=\"widget\" data-widget_type=\"heading.default\">\n\t\t\t\t<div class=\"elementor-widget-container\">\n\t\t\t<style>\/*! elementor - v3.19.0 - 07-02-2024 *\/\n.elementor-heading-title{padding:0;margin:0;line-height:1}.elementor-widget-heading .elementor-heading-title[class*=elementor-size-]>a{color:inherit;font-size:inherit;line-height:inherit}.elementor-widget-heading .elementor-heading-title.elementor-size-small{font-size:15px}.elementor-widget-heading .elementor-heading-title.elementor-size-medium{font-size:19px}.elementor-widget-heading .elementor-heading-title.elementor-size-large{font-size:29px}.elementor-widget-heading .elementor-heading-title.elementor-size-xl{font-size:39px}.elementor-widget-heading .elementor-heading-title.elementor-size-xxl{font-size:59px}<\/style><h2 class=\"elementor-heading-title elementor-size-default\">Community<\/h2>\t\t<\/div>\n\t\t\t\t<\/div>\n\t\t\t\t\t<\/div>\n\t\t\t\t<\/div>\n\t\t<div class=\"elementor-element elementor-element-a963a90 e-flex e-con-boxed e-con e-parent\" data-id=\"a963a90\" data-element_type=\"container\" data-settings=\"{&quot;content_width&quot;:&quot;boxed&quot;}\" data-core-v316-plus=\"true\">\n\t\t\t\t\t<div class=\"e-con-inner\">\n\t\t<div class=\"elementor-element elementor-element-6ef74ed e-flex e-con-boxed e-con e-child\" data-id=\"6ef74ed\" data-element_type=\"container\" data-settings=\"{&quot;background_background&quot;:&quot;classic&quot;,&quot;content_width&quot;:&quot;boxed&quot;}\">\n\t\t\t\t\t<div class=\"e-con-inner\">\n\t\t\t\t<div class=\"elementor-element elementor-element-41f0690 elementor-widget elementor-widget-heading\" data-id=\"41f0690\" data-element_type=\"widget\" data-widget_type=\"heading.default\">\n\t\t\t\t<div class=\"elementor-widget-container\">\n\t\t\t<h2 class=\"elementor-heading-title elementor-size-default\">Tanh\u00e1z<\/h2>\t\t<\/div>\n\t\t\t\t<\/div>\n\t\t\t\t\t<\/div>\n\t\t\t\t<\/div>\n\t\t<div class=\"elementor-element elementor-element-212a588 e-flex e-con-boxed e-con e-child\" data-id=\"212a588\" data-element_type=\"container\" data-settings=\"{&quot;background_background&quot;:&quot;classic&quot;,&quot;content_width&quot;:&quot;boxed&quot;}\">\n\t\t\t\t\t<div class=\"e-con-inner\">\n\t\t\t\t<div class=\"elementor-element elementor-element-db162db elementor-widget elementor-widget-heading\" data-id=\"db162db\" data-element_type=\"widget\" data-widget_type=\"heading.default\">\n\t\t\t\t<div class=\"elementor-widget-container\">\n\t\t\t<h2 class=\"elementor-heading-title elementor-size-default\">Ifj\u00fas\u00e1gi kabalat  sabat<\/h2>\t\t<\/div>\n\t\t\t\t<\/div>\n\t\t\t\t\t<\/div>\n\t\t\t\t<\/div>\n\t\t\t\t\t<\/div>\n\t\t\t\t<\/div>\n\t\t<div class=\"elementor-element elementor-element-f90db28 e-flex e-con-boxed e-con e-parent\" data-id=\"f90db28\" data-element_type=\"container\" data-settings=\"{&quot;content_width&quot;:&quot;boxed&quot;}\" data-core-v316-plus=\"true\">\n\t\t\t\t\t<div class=\"e-con-inner\">\n\t\t<div class=\"elementor-element elementor-element-e38934e e-flex e-con-boxed e-con e-child\" data-id=\"e38934e\" data-element_type=\"container\" data-settings=\"{&quot;background_background&quot;:&quot;classic&quot;,&quot;content_width&quot;:&quot;boxed&quot;}\">\n\t\t\t\t\t<div class=\"e-con-inner\">\n\t\t\t\t<div class=\"elementor-element elementor-element-dd88617 elementor-widget elementor-widget-text-editor\" data-id=\"dd88617\" data-element_type=\"widget\" data-widget_type=\"text-editor.default\">\n\t\t\t\t<div class=\"elementor-widget-container\">\n\t\t\t<style>\/*! elementor - v3.19.0 - 07-02-2024 *\/\n.elementor-widget-text-editor.elementor-drop-cap-view-stacked .elementor-drop-cap{background-color:#69727d;color:#fff}.elementor-widget-text-editor.elementor-drop-cap-view-framed .elementor-drop-cap{color:#69727d;border:3px solid;background-color:transparent}.elementor-widget-text-editor:not(.elementor-drop-cap-view-default) .elementor-drop-cap{margin-top:8px}.elementor-widget-text-editor:not(.elementor-drop-cap-view-default) .elementor-drop-cap-letter{width:1em;height:1em}.elementor-widget-text-editor .elementor-drop-cap{float:left;text-align:center;line-height:1;font-size:50px}.elementor-widget-text-editor .elementor-drop-cap-letter{display:inline-block}<\/style>\t\t\t\t<p>4-14 \u00e9ves korig v\u00e1rjuk a gyerekeket j\u00e1t\u00e9kkal, k\u00e9zm\u0171ves foglalkoz\u00e1ssal \u00e9s finom falatokkal a Rumbi K\u00e1t\u00e1n \u00e9s Rumbi G\u00e1dol a Rumbach Tanh\u00e1z keret\u00e9ben. Sz\u00f3rakozzunk \u00e9s tanuljunk egy\u00fctt minden vas\u00e1rnap d\u00e9lel\u0151tt.<\/p><p>Vas\u00e1rnap d\u00e9lel\u0151tt v\u00e1rjuk szeretettel k\u00f6z\u00f6ss\u00e9g\u00fcnk tagjait \u00e9s az \u00e9rdekl\u0151d\u0151ket.<\/p><p>8:00 reggeli ima<\/p><p>8:50 k\u00f6z\u00f6s reggeli<\/p><p>9:15 feln\u0151tt tanul\u00e1s<\/p><p>10:00 zsid\u00f3s\u00e1g alapjai tanfolyam<\/p>\t\t\t\t\t\t<\/div>\n\t\t\t\t<\/div>\n\t\t\t\t\t<\/div>\n\t\t\t\t<\/div>\n\t\t<div class=\"elementor-element elementor-element-d9cccc8 e-flex e-con-boxed e-con e-child\" data-id=\"d9cccc8\" data-element_type=\"container\" data-settings=\"{&quot;background_background&quot;:&quot;classic&quot;,&quot;content_width&quot;:&quot;boxed&quot;}\">\n\t\t\t\t\t<div class=\"e-con-inner\">\n\t\t\t\t<div class=\"elementor-element elementor-element-9b02257 elementor-widget elementor-widget-text-editor\" data-id=\"9b02257\" data-element_type=\"widget\" data-widget_type=\"text-editor.default\">\n\t\t\t\t<div class=\"elementor-widget-container\">\n\t\t\t\t\t\t\t<p>Ifj\u00fas\u00e1gi kabalat sabat<\/p><p>Dickmann D\u00e1vid vezet\u00e9s\u00e9vel<\/p><p>r\u00e9szletek: dickmann.david@gmail.com<\/p>\t\t\t\t\t\t<\/div>\n\t\t\t\t<\/div>\n\t\t\t\t\t<\/div>\n\t\t\t\t<\/div>\n\t\t\t\t\t<\/div>\n\t\t\t\t<\/div>\n\t\t<div class=\"elementor-element elementor-element-1fdac10 e-flex e-con-boxed e-con e-parent\" data-id=\"1fdac10\" data-element_type=\"container\" data-settings=\"{&quot;content_width&quot;:&quot;boxed&quot;}\" data-core-v316-plus=\"true\">\n\t\t\t\t\t<div class=\"e-con-inner\">\n\t\t<div class=\"elementor-element elementor-element-2783162 e-flex e-con-boxed e-con e-child\" data-id=\"2783162\" data-element_type=\"container\" data-settings=\"{&quot;background_background&quot;:&quot;classic&quot;,&quot;content_width&quot;:&quot;boxed&quot;}\">\n\t\t\t\t\t<div class=\"e-con-inner\">\n\t\t\t\t<div class=\"elementor-element elementor-element-01e1d45 elementor-widget elementor-widget-heading\" data-id=\"01e1d45\" data-element_type=\"widget\" data-widget_type=\"heading.default\">\n\t\t\t\t<div class=\"elementor-widget-container\">\n\t\t\t<h2 class=\"elementor-heading-title elementor-size-default\">Real Stories<\/h2>\t\t<\/div>\n\t\t\t\t<\/div>\n\t\t\t\t\t<\/div>\n\t\t\t\t<\/div>\n\t\t<div class=\"elementor-element elementor-element-d3519be e-flex e-con-boxed e-con e-child\" data-id=\"d3519be\" data-element_type=\"container\" data-settings=\"{&quot;content_width&quot;:&quot;boxed&quot;}\">\n\t\t\t\t\t<div class=\"e-con-inner\">\n\t\t\t\t<div class=\"elementor-element elementor-element-44fb372 elementor-grid-4 elementor-grid-tablet-2 elementor-grid-mobile-1 elementor-posts--thumbnail-top load-more-align-center elementor-widget elementor-widget-posts\" data-id=\"44fb372\" data-element_type=\"widget\" data-settings=\"{&quot;classic_columns&quot;:&quot;4&quot;,&quot;pagination_type&quot;:&quot;load_more_on_click&quot;,&quot;classic_columns_tablet&quot;:&quot;2&quot;,&quot;classic_columns_mobile&quot;:&quot;1&quot;,&quot;classic_row_gap&quot;:{&quot;unit&quot;:&quot;px&quot;,&quot;size&quot;:35,&quot;sizes&quot;:[]},&quot;classic_row_gap_tablet&quot;:{&quot;unit&quot;:&quot;px&quot;,&quot;size&quot;:&quot;&quot;,&quot;sizes&quot;:[]},&quot;classic_row_gap_mobile&quot;:{&quot;unit&quot;:&quot;px&quot;,&quot;size&quot;:&quot;&quot;,&quot;sizes&quot;:[]},&quot;load_more_spinner&quot;:{&quot;value&quot;:&quot;fas fa-spinner&quot;,&quot;library&quot;:&quot;fa-solid&quot;}}\" data-widget_type=\"posts.classic\">\n\t\t\t\t<div class=\"elementor-widget-container\">\n\t\t\t<link rel=\"stylesheet\" href=\"https:\/\/rumbachzsinagoga.hu\/wp-content\/plugins\/elementor-pro\/assets\/css\/widget-posts.min.css\">\t\t<div class=\"elementor-posts-container elementor-posts elementor-posts--skin-classic elementor-grid\">\n\t\t\t\t<article class=\"elementor-post elementor-grid-item post-1 post type-post status-publish format-standard has-post-thumbnail hentry category-valodi-tortenetek\">\n\t\t\t\t<a class=\"elementor-post__thumbnail__link\" href=\"https:\/\/rumbachzsinagoga.hu\/en\/2024\/02\/06\/politzer-kiallitas\/\" tabindex=\"-1\" >\n\t\t\t<div class=\"elementor-post__thumbnail\"><img fetchpriority=\"high\" decoding=\"async\" width=\"300\" height=\"225\" src=\"https:\/\/rumbachzsinagoga.hu\/wp-content\/uploads\/2024\/02\/img-20210525-122819_orig-300x225.webp\" class=\"attachment-medium size-medium wp-image-823\" alt=\"\" srcset=\"https:\/\/rumbachzsinagoga.hu\/wp-content\/uploads\/2024\/02\/img-20210525-122819_orig-300x225.webp 300w, https:\/\/rumbachzsinagoga.hu\/wp-content\/uploads\/2024\/02\/img-20210525-122819_orig-1024x768.webp 1024w, https:\/\/rumbachzsinagoga.hu\/wp-content\/uploads\/2024\/02\/img-20210525-122819_orig-768x576.webp 768w, https:\/\/rumbachzsinagoga.hu\/wp-content\/uploads\/2024\/02\/img-20210525-122819_orig-16x12.webp 16w, https:\/\/rumbachzsinagoga.hu\/wp-content\/uploads\/2024\/02\/img-20210525-122819_orig.webp 1067w\" sizes=\"(max-width: 300px) 100vw, 300px\" \/><\/div>\n\t\t<\/a>\n\t\t\t\t<div class=\"elementor-post__text\">\n\t\t\t\t<h3 class=\"elementor-post__title\">\n\t\t\t<a href=\"https:\/\/rumbachzsinagoga.hu\/en\/2024\/02\/06\/politzer-kiallitas\/\" >\n\t\t\t\tPolitzer-ki\u00e1ll\u00edt\u00e1s\t\t\t<\/a>\n\t\t<\/h3>\n\t\t\t\t<div class=\"elementor-post__meta-data\">\n\t\t\t\t\t<span class=\"elementor-post-date\">\n\t\t\tFebruary 6, 2024\t\t<\/span>\n\t\t\t\t<\/div>\n\t\t\t\t<div class=\"elementor-post__excerpt\">\n\t\t\t<p>A Politzer-ki\u00e1ll\u00edt\u00e1s egy val\u00f3s magyar zsid\u00f3 csal\u00e1dt\u00f6rt\u00e9neten kereszt\u00fcl mutatja be a magyarorsz\u00e1gi zsid\u00f3k \u00e9let\u00e9t<\/p>\n\t\t<\/div>\n\t\t\n\t\t<a class=\"elementor-post__read-more\" href=\"https:\/\/rumbachzsinagoga.hu\/en\/2024\/02\/06\/politzer-kiallitas\/\" aria-label=\"Read more about Politzer-ki\u00e1ll\u00edt\u00e1s\" tabindex=\"-1\" >\n\t\t\tElolvasom\t\t<\/a>\n\n\t\t\t\t<\/div>\n\t\t\t\t<\/article>\n\t\t\t\t<\/div>\n\t\t\t\t\t<span class=\"e-load-more-spinner\">\n\t\t\t\t<i aria-hidden=\"true\" class=\"fas fa-spinner\"><\/i>\t\t\t<\/span>\n\t\t\n\t\t\t\t<\/div>\n\t\t\t\t<\/div>\n\t\t\t\t\t<\/div>\n\t\t\t\t<\/div>\n\t\t\t\t\t<\/div>\n\t\t\t\t<\/div>\n\t\t<div class=\"elementor-element elementor-element-ba400ec e-flex e-con-boxed e-con e-parent\" data-id=\"ba400ec\" data-element_type=\"container\" data-settings=\"{&quot;content_width&quot;:&quot;boxed&quot;}\" data-core-v316-plus=\"true\">\n\t\t\t\t\t<div class=\"e-con-inner\">\n\t\t<div class=\"elementor-element elementor-element-d2b28be e-flex e-con-boxed e-con e-child\" data-id=\"d2b28be\" data-element_type=\"container\" data-settings=\"{&quot;background_background&quot;:&quot;classic&quot;,&quot;content_width&quot;:&quot;boxed&quot;}\">\n\t\t\t\t\t<div class=\"e-con-inner\">\n\t\t\t\t<div class=\"elementor-element elementor-element-80ce3bd elementor-widget elementor-widget-heading\" data-id=\"80ce3bd\" data-element_type=\"widget\" data-widget_type=\"heading.default\">\n\t\t\t\t<div class=\"elementor-widget-container\">\n\t\t\t<h2 class=\"elementor-heading-title elementor-size-default\">Others have written about us<\/h2>\t\t<\/div>\n\t\t\t\t<\/div>\n\t\t\t\t\t<\/div>\n\t\t\t\t<\/div>\n\t\t<div class=\"elementor-element elementor-element-c2cd512 e-flex e-con-boxed e-con e-child\" data-id=\"c2cd512\" data-element_type=\"container\" data-settings=\"{&quot;content_width&quot;:&quot;boxed&quot;}\">\n\t\t\t\t\t<div class=\"e-con-inner\">\n\t\t\t\t<div class=\"elementor-element elementor-element-e819d35 elementor-grid-4 elementor-grid-tablet-2 elementor-grid-mobile-1 elementor-posts--thumbnail-top load-more-align-center elementor-widget elementor-widget-posts\" data-id=\"e819d35\" data-element_type=\"widget\" data-settings=\"{&quot;classic_columns&quot;:&quot;4&quot;,&quot;pagination_type&quot;:&quot;load_more_on_click&quot;,&quot;classic_columns_tablet&quot;:&quot;2&quot;,&quot;classic_columns_mobile&quot;:&quot;1&quot;,&quot;classic_row_gap&quot;:{&quot;unit&quot;:&quot;px&quot;,&quot;size&quot;:35,&quot;sizes&quot;:[]},&quot;classic_row_gap_tablet&quot;:{&quot;unit&quot;:&quot;px&quot;,&quot;size&quot;:&quot;&quot;,&quot;sizes&quot;:[]},&quot;classic_row_gap_mobile&quot;:{&quot;unit&quot;:&quot;px&quot;,&quot;size&quot;:&quot;&quot;,&quot;sizes&quot;:[]},&quot;load_more_spinner&quot;:{&quot;value&quot;:&quot;fas fa-spinner&quot;,&quot;library&quot;:&quot;fa-solid&quot;}}\" data-widget_type=\"posts.classic\">\n\t\t\t\t<div class=\"elementor-widget-container\">\n\t\t\t\t\t<div class=\"elementor-posts-container elementor-posts elementor-posts--skin-classic elementor-grid\">\n\t\t\t\t<article class=\"elementor-post elementor-grid-item post-1041 post type-post status-publish format-standard has-post-thumbnail hentry category-masok-irtak\">\n\t\t\t\t<a class=\"elementor-post__thumbnail__link\" href=\"https:\/\/rumbachzsinagoga.hu\/en\/2024\/02\/22\/rumbach-zsinagoga-tavaszi-programjai-a-szerdai-intermezzoban-a-klasszik-radioban\/\" tabindex=\"-1\" >\n\t\t\t<div class=\"elementor-post__thumbnail\"><img decoding=\"async\" width=\"300\" height=\"200\" src=\"https:\/\/rumbachzsinagoga.hu\/wp-content\/uploads\/2024\/02\/rumbach-zsinagoga-1-300x200.jpeg\" class=\"attachment-medium size-medium wp-image-1042\" alt=\"\" srcset=\"https:\/\/rumbachzsinagoga.hu\/wp-content\/uploads\/2024\/02\/rumbach-zsinagoga-1-300x200.jpeg 300w, https:\/\/rumbachzsinagoga.hu\/wp-content\/uploads\/2024\/02\/rumbach-zsinagoga-1-1024x682.jpeg 1024w, https:\/\/rumbachzsinagoga.hu\/wp-content\/uploads\/2024\/02\/rumbach-zsinagoga-1-768x512.jpeg 768w, https:\/\/rumbachzsinagoga.hu\/wp-content\/uploads\/2024\/02\/rumbach-zsinagoga-1-18x12.jpeg 18w, https:\/\/rumbachzsinagoga.hu\/wp-content\/uploads\/2024\/02\/rumbach-zsinagoga-1.jpeg 1280w\" sizes=\"(max-width: 300px) 100vw, 300px\" \/><\/div>\n\t\t<\/a>\n\t\t\t\t<div class=\"elementor-post__text\">\n\t\t\t\t<h3 class=\"elementor-post__title\">\n\t\t\t<a href=\"https:\/\/rumbachzsinagoga.hu\/en\/2024\/02\/22\/rumbach-zsinagoga-tavaszi-programjai-a-szerdai-intermezzoban-a-klasszik-radioban\/\" >\n\t\t\t\tRumbach Zsinag\u00f3ga tavaszi programjai                 A Szerdai Intermezzoban a Klasszik R\u00e1di\u00f3ban\t\t\t<\/a>\n\t\t<\/h3>\n\t\t\t\t<div class=\"elementor-post__meta-data\">\n\t\t\t\t\t<span class=\"elementor-post-date\">\n\t\t\tFebruary 22, 2024\t\t<\/span>\n\t\t\t\t<\/div>\n\t\t\t\t<div class=\"elementor-post__excerpt\">\n\t\t\t<p>A Rumbach Zsinag\u00f3ga tavasszal is megtelik \u00e9lettel A zsinag\u00f3ga 2021-ben ny\u00edlt meg \u00fajra. Hagyom\u00e1nyos funkci\u00f3ja mellett k\u00f6z\u00f6ss\u00e9gi t\u00e9rk\u00e9nt koncerteknek, el\u0151ad\u00e1soknak, rendezv\u00e9nyeknek ad helyet, \u00e9s a Zsid\u00f3 M\u00fazeum \u00e9s Lev\u00e9lt\u00e1r k\u00fcls\u0151 ki\u00e1ll\u00edt\u00f3terek\u00e9nt is szolg\u00e1l.M\u00e1rcius els\u0151 keddj\u00e9n az \u00d6t Karinthy \u00e9s \u00e9n<\/p>\n\t\t<\/div>\n\t\t\t\t\t<div class=\"elementor-post__read-more-wrapper\">\n\t\t\n\t\t<a class=\"elementor-post__read-more\" href=\"https:\/\/rumbachzsinagoga.hu\/en\/2024\/02\/22\/rumbach-zsinagoga-tavaszi-programjai-a-szerdai-intermezzoban-a-klasszik-radioban\/\" aria-label=\"Read more about Rumbach Zsinag\u00f3ga tavaszi programjai                 A Szerdai Intermezzoban a Klasszik R\u00e1di\u00f3ban\" tabindex=\"-1\" >\n\t\t\tElolvasom\t\t<\/a>\n\n\t\t\t\t\t<\/div>\n\t\t\t\t<\/div>\n\t\t\t\t<\/article>\n\t\t\t\t<article class=\"elementor-post elementor-grid-item post-1001 post type-post status-publish format-standard has-post-thumbnail hentry category-masok-irtak\">\n\t\t\t\t<a class=\"elementor-post__thumbnail__link\" href=\"https:\/\/rumbachzsinagoga.hu\/en\/2024\/02\/15\/rumbach-zsinagoga-szakralitas-es-innovativitas-kozossegi-es-kulturalis-ter\/\" tabindex=\"-1\" >\n\t\t\t<div class=\"elementor-post__thumbnail\"><img decoding=\"async\" width=\"300\" height=\"200\" src=\"https:\/\/rumbachzsinagoga.hu\/wp-content\/uploads\/2024\/02\/palkovics-rumbach-3-2-300x200.webp\" class=\"attachment-medium size-medium wp-image-1002\" alt=\"\" srcset=\"https:\/\/rumbachzsinagoga.hu\/wp-content\/uploads\/2024\/02\/palkovics-rumbach-3-2-300x200.webp 300w, https:\/\/rumbachzsinagoga.hu\/wp-content\/uploads\/2024\/02\/palkovics-rumbach-3-2-768x511.webp 768w, https:\/\/rumbachzsinagoga.hu\/wp-content\/uploads\/2024\/02\/palkovics-rumbach-3-2-18x12.webp 18w, https:\/\/rumbachzsinagoga.hu\/wp-content\/uploads\/2024\/02\/palkovics-rumbach-3-2.webp 800w\" sizes=\"(max-width: 300px) 100vw, 300px\" \/><\/div>\n\t\t<\/a>\n\t\t\t\t<div class=\"elementor-post__text\">\n\t\t\t\t<h3 class=\"elementor-post__title\">\n\t\t\t<a href=\"https:\/\/rumbachzsinagoga.hu\/en\/2024\/02\/15\/rumbach-zsinagoga-szakralitas-es-innovativitas-kozossegi-es-kulturalis-ter\/\" >\n\t\t\t\tRumbach zsinag\u00f3ga: szakralit\u00e1s \u00e9s innovativit\u00e1s, k\u00f6z\u00f6ss\u00e9gi \u00e9s kultur\u00e1lis t\u00e9r\t\t\t<\/a>\n\t\t<\/h3>\n\t\t\t\t<div class=\"elementor-post__meta-data\">\n\t\t\t\t\t<span class=\"elementor-post-date\">\n\t\t\tFebruary 15, 2024\t\t<\/span>\n\t\t\t\t<\/div>\n\t\t\t\t<div class=\"elementor-post__excerpt\">\n\t\t\t<p>Szakr\u00e1lis funkci\u00f3ja mellett innovat\u00edv elemekben b\u0151velked\u0151 k\u00f6z\u00f6ss\u00e9gi \u00e9s kultur\u00e1lis t\u00e9rk\u00e9nt ny\u00edlik meg a k\u00f6zelj\u00f6v\u0151ben Budapesten a fel\u00faj\u00edtott Rumbach Sebesty\u00e9n utcai zsinag\u00f3ga <\/p>\n\t\t<\/div>\n\t\t\t\t\t<div class=\"elementor-post__read-more-wrapper\">\n\t\t\n\t\t<a class=\"elementor-post__read-more\" href=\"https:\/\/rumbachzsinagoga.hu\/en\/2024\/02\/15\/rumbach-zsinagoga-szakralitas-es-innovativitas-kozossegi-es-kulturalis-ter\/\" aria-label=\"Read more about Rumbach zsinag\u00f3ga: szakralit\u00e1s \u00e9s innovativit\u00e1s, k\u00f6z\u00f6ss\u00e9gi \u00e9s kultur\u00e1lis t\u00e9r\" tabindex=\"-1\" >\n\t\t\tElolvasom\t\t<\/a>\n\n\t\t\t\t\t<\/div>\n\t\t\t\t<\/div>\n\t\t\t\t<\/article>\n\t\t\t\t<article class=\"elementor-post elementor-grid-item post-993 post type-post status-publish format-standard has-post-thumbnail hentry category-masok-irtak\">\n\t\t\t\t<a class=\"elementor-post__thumbnail__link\" href=\"https:\/\/rumbachzsinagoga.hu\/en\/2024\/02\/15\/a-magyar-zsido-csalad-amely-forradalmasitotta-az-orvostudomanyt\/\" tabindex=\"-1\" >\n\t\t\t<div class=\"elementor-post__thumbnail\"><img loading=\"lazy\" decoding=\"async\" width=\"300\" height=\"194\" src=\"https:\/\/rumbachzsinagoga.hu\/wp-content\/uploads\/2024\/02\/49640178_3783988_5ef3ab46412d17612b313822512a2c90_wm-300x194.webp\" class=\"attachment-medium size-medium wp-image-994\" alt=\"\" srcset=\"https:\/\/rumbachzsinagoga.hu\/wp-content\/uploads\/2024\/02\/49640178_3783988_5ef3ab46412d17612b313822512a2c90_wm-300x194.webp 300w, https:\/\/rumbachzsinagoga.hu\/wp-content\/uploads\/2024\/02\/49640178_3783988_5ef3ab46412d17612b313822512a2c90_wm-1024x663.webp 1024w, https:\/\/rumbachzsinagoga.hu\/wp-content\/uploads\/2024\/02\/49640178_3783988_5ef3ab46412d17612b313822512a2c90_wm-768x497.webp 768w, https:\/\/rumbachzsinagoga.hu\/wp-content\/uploads\/2024\/02\/49640178_3783988_5ef3ab46412d17612b313822512a2c90_wm-18x12.webp 18w, https:\/\/rumbachzsinagoga.hu\/wp-content\/uploads\/2024\/02\/49640178_3783988_5ef3ab46412d17612b313822512a2c90_wm.webp 1276w\" sizes=\"(max-width: 300px) 100vw, 300px\" \/><\/div>\n\t\t<\/a>\n\t\t\t\t<div class=\"elementor-post__text\">\n\t\t\t\t<h3 class=\"elementor-post__title\">\n\t\t\t<a href=\"https:\/\/rumbachzsinagoga.hu\/en\/2024\/02\/15\/a-magyar-zsido-csalad-amely-forradalmasitotta-az-orvostudomanyt\/\" >\n\t\t\t\tA magyar zsid\u00f3 csal\u00e1d amely, forradalmas\u00edtotta az orvostudom\u00e1nyt\t\t\t<\/a>\n\t\t<\/h3>\n\t\t\t\t<div class=\"elementor-post__meta-data\">\n\t\t\t\t\t<span class=\"elementor-post-date\">\n\t\t\tFebruary 15, 2024\t\t<\/span>\n\t\t\t\t<\/div>\n\t\t\t\t<div class=\"elementor-post__excerpt\">\n\t\t\t<p>Sok\u00e1ig maguk a lesz\u00e1rmazottak sem ismert\u00e9k a csal\u00e1d t\u00f6rt\u00e9netet, de egy zsinag\u00f3ga fel\u00faj\u00edt\u00e1sa sor\u00e1n mindenre f\u00e9ny der\u00fclt. Ezzel \u00fajabb fontos n\u00e9vvel b\u0151v\u00fclt a magyar feltal\u00e1l\u00f3k list\u00e1ja.<\/p>\n\t\t<\/div>\n\t\t\t\t\t<div class=\"elementor-post__read-more-wrapper\">\n\t\t\n\t\t<a class=\"elementor-post__read-more\" href=\"https:\/\/rumbachzsinagoga.hu\/en\/2024\/02\/15\/a-magyar-zsido-csalad-amely-forradalmasitotta-az-orvostudomanyt\/\" aria-label=\"Read more about A magyar zsid\u00f3 csal\u00e1d amely, forradalmas\u00edtotta az orvostudom\u00e1nyt\" tabindex=\"-1\" >\n\t\t\tElolvasom\t\t<\/a>\n\n\t\t\t\t\t<\/div>\n\t\t\t\t<\/div>\n\t\t\t\t<\/article>\n\t\t\t\t<article class=\"elementor-post elementor-grid-item post-983 post type-post status-publish format-standard has-post-thumbnail hentry category-masok-irtak\">\n\t\t\t\t<a class=\"elementor-post__thumbnail__link\" href=\"https:\/\/rumbachzsinagoga.hu\/en\/2024\/02\/15\/magyar-alkotasok-az-idei-red-dot-dijasok-kozott-mutatjuk-a-munkakat\/\" tabindex=\"-1\" >\n\t\t\t<div class=\"elementor-post__thumbnail\"><img loading=\"lazy\" decoding=\"async\" width=\"300\" height=\"200\" src=\"https:\/\/rumbachzsinagoga.hu\/wp-content\/uploads\/2024\/02\/240112015_10157915873272167_7873915201110668009_n-300x200.webp\" class=\"attachment-medium size-medium wp-image-986\" alt=\"\" srcset=\"https:\/\/rumbachzsinagoga.hu\/wp-content\/uploads\/2024\/02\/240112015_10157915873272167_7873915201110668009_n-300x200.webp 300w, https:\/\/rumbachzsinagoga.hu\/wp-content\/uploads\/2024\/02\/240112015_10157915873272167_7873915201110668009_n-1024x682.webp 1024w, https:\/\/rumbachzsinagoga.hu\/wp-content\/uploads\/2024\/02\/240112015_10157915873272167_7873915201110668009_n-768x512.webp 768w, https:\/\/rumbachzsinagoga.hu\/wp-content\/uploads\/2024\/02\/240112015_10157915873272167_7873915201110668009_n-18x12.webp 18w, https:\/\/rumbachzsinagoga.hu\/wp-content\/uploads\/2024\/02\/240112015_10157915873272167_7873915201110668009_n.webp 1120w\" sizes=\"(max-width: 300px) 100vw, 300px\" \/><\/div>\n\t\t<\/a>\n\t\t\t\t<div class=\"elementor-post__text\">\n\t\t\t\t<h3 class=\"elementor-post__title\">\n\t\t\t<a href=\"https:\/\/rumbachzsinagoga.hu\/en\/2024\/02\/15\/magyar-alkotasok-az-idei-red-dot-dijasok-kozott-mutatjuk-a-munkakat\/\" >\n\t\t\t\tMagyar alkot\u00e1sok az idei Red Dot-d\u00edjasok k\u00f6z\u00f6tt &#8211; mutatjuk a munk\u00e1kat!\t\t\t<\/a>\n\t\t<\/h3>\n\t\t\t\t<div class=\"elementor-post__meta-data\">\n\t\t\t\t\t<span class=\"elementor-post-date\">\n\t\t\tFebruary 15, 2024\t\t<\/span>\n\t\t\t\t<\/div>\n\t\t\t\t<div class=\"elementor-post__excerpt\">\n\t\t\t<p>A Rumbach Sebesty\u00e9n utcai zsinag\u00f3ga brandkommunik\u00e1ci\u00f3ja \u00e9s Mizo k\u00fcl\u00f6nleges k\u00e1v\u00e9csomagol\u00e1sa is Red Dot-d\u00edjat nyert id\u00e9n.<\/p>\n\t\t<\/div>\n\t\t\t\t\t<div class=\"elementor-post__read-more-wrapper\">\n\t\t\n\t\t<a class=\"elementor-post__read-more\" href=\"https:\/\/rumbachzsinagoga.hu\/en\/2024\/02\/15\/magyar-alkotasok-az-idei-red-dot-dijasok-kozott-mutatjuk-a-munkakat\/\" aria-label=\"Read more about Magyar alkot\u00e1sok az idei Red Dot-d\u00edjasok k\u00f6z\u00f6tt &#8211; mutatjuk a munk\u00e1kat!\" tabindex=\"-1\" >\n\t\t\tElolvasom\t\t<\/a>\n\n\t\t\t\t\t<\/div>\n\t\t\t\t<\/div>\n\t\t\t\t<\/article>\n\t\t\t\t<\/div>\n\t\t\t\t\t<span class=\"e-load-more-spinner\">\n\t\t\t\t<i aria-hidden=\"true\" class=\"fas fa-spinner\"><\/i>\t\t\t<\/span>\n\t\t\n\t\t\t\t<div class=\"e-load-more-anchor\" data-page=\"1\" data-max-page=\"2\" data-next-page=\"https:\/\/rumbachzsinagoga.hu\/en\/wp-json\/wp\/v2\/pages\/302\/page\/2\/\"><\/div>\n\t\t\t\t<div class=\"elementor-button-wrapper\">\n\t\t\t<a href=\"#\" class=\"elementor-button-link elementor-button\" role=\"button\">\n\t\t\t\t\t\t<span class=\"elementor-button-content-wrapper\">\n\t\t\t\t\t\t<span class=\"elementor-button-text\">Tov\u00e1bbi bejegyz\u00e9sek<\/span>\n\t\t<\/span>\n\t\t\t\t\t<\/a>\n\t\t<\/div>\n\t\t\t\t<div class=\"e-load-more-message\"><\/div>\n\t\t\t\t<\/div>\n\t\t\t\t<\/div>\n\t\t\t\t\t<\/div>\n\t\t\t\t<\/div>\n\t\t\t\t\t<\/div>\n\t\t\t\t<\/div>\n\t\t\t\t<\/div>","protected":false},"excerpt":{"rendered":"<p>K\u00f6z\u00f6ss\u00e9g Tanh\u00e1z Ifj\u00fas\u00e1gi kabalat sabat 4-14 \u00e9ves korig v\u00e1rjuk a gyerekeket j\u00e1t\u00e9kkal, k\u00e9zm\u0171ves foglalkoz\u00e1ssal \u00e9s finom falatokkal a Rumbi K\u00e1t\u00e1n \u00e9s Rumbi G\u00e1dol a Rumbach Tanh\u00e1z keret\u00e9ben. Sz\u00f3rakozzunk \u00e9s tanuljunk egy\u00fctt minden vas\u00e1rnap d\u00e9lel\u0151tt. Vas\u00e1rnap d\u00e9lel\u0151tt v\u00e1rjuk szeretettel k\u00f6z\u00f6ss\u00e9g\u00fcnk tagjait \u00e9s az \u00e9rdekl\u0151d\u0151ket. 8:00 reggeli ima 8:50 k\u00f6z\u00f6s reggeli 9:15 feln\u0151tt tanul\u00e1s 10:00 zsid\u00f3s\u00e1g alapjai [&hellip;]<\/p>","protected":false},"author":2,"featured_media":0,"parent":0,"menu_order":0,"comment_status":"closed","ping_status":"closed","template":"","meta":{"_acf_changed":false,"footnotes":""},"class_list":["post-302","page","type-page","status-publish","hentry"],"acf":[],"_links":{"self":[{"href":"https:\/\/rumbachzsinagoga.hu\/en\/wp-json\/wp\/v2\/pages\/302","targetHints":{"allow":["GET"]}}],"collection":[{"href":"https:\/\/rumbachzsinagoga.hu\/en\/wp-json\/wp\/v2\/pages"}],"about":[{"href":"https:\/\/rumbachzsinagoga.hu\/en\/wp-json\/wp\/v2\/types\/page"}],"author":[{"embeddable":true,"href":"https:\/\/rumbachzsinagoga.hu\/en\/wp-json\/wp\/v2\/users\/2"}],"replies":[{"embeddable":true,"href":"https:\/\/rumbachzsinagoga.hu\/en\/wp-json\/wp\/v2\/comments?post=302"}],"version-history":[{"count":53,"href":"https:\/\/rumbachzsinagoga.hu\/en\/wp-json\/wp\/v2\/pages\/302\/revisions"}],"predecessor-version":[{"id":1047,"href":"https:\/\/rumbachzsinagoga.hu\/en\/wp-json\/wp\/v2\/pages\/302\/revisions\/1047"}],"wp:attachment":[{"href":"https:\/\/rumbachzsinagoga.hu\/en\/wp-json\/wp\/v2\/media?parent=302"}],"curies":[{"name":"wp","href":"https:\/\/api.w.org\/{rel}","templated":true}]}}